{"id":11270,"date":"2025-05-21T10:10:36","date_gmt":"2025-05-21T08:10:36","guid":{"rendered":"https:\/\/www.lecomptoirimmobilier.fr\/accueil\/?page_id=11270"},"modified":"2025-07-08T15:50:18","modified_gmt":"2025-07-08T13:50:18","slug":"a-propos","status":"publish","type":"page","link":"https:\/\/www.lecomptoirimmobilier.fr\/accueil\/a-propos\/","title":{"rendered":"\u00c0 propos"},"content":{"rendered":"<p>[et_pb_section fb_built=&#8221;1&#8243; admin_label=&#8221;Our Mission&#8221; _builder_version=&#8221;4.27.4&#8243; _module_preset=&#8221;a51a78be-0e57-41ad-b0ab-39a9e1f501df&#8221; background_color=&#8221;gcid-primary-color&#8221; use_background_color_gradient=&#8221;on&#8221; background_color_gradient_direction=&#8221;208deg&#8221; background_color_gradient_stops=&#8221;gcid-2352d280-fe84-43b1-a71e-f400c35a526a 36%|gcid-primary-color 74%|#005d8c 98%&#8221; background_image=&#8221;https:\/\/www.lecomptoirimmobilier.fr\/accueil\/wp-content\/uploads\/test-titre-site-lci-03-2.svg&#8221; min_height=&#8221;648.5px&#8221; custom_margin=&#8221;130px||||false|false&#8221; custom_padding=&#8221;6vw||6vw||true|false&#8221; collapsed=&#8221;on&#8221; global_colors_info=&#8221;{%22gcid-2352d280-fe84-43b1-a71e-f400c35a526a%22:%91%22background_color%22,%22background_color%22,%22background_color%22%93,%22gcid-primary-color%22:%91%22background_color%22%93,%22gcid-7a0d30c1-9b97-47f7-a1b0-b362ece3e0b5%22:%91%22background_color_gradient_stops%22%93,%22gcid-heading-color%22:%91%22background_color_gradient_stops%22%93}&#8221;][et_pb_row _builder_version=&#8221;4.27.4&#8243; _module_preset=&#8221;default&#8221; max_width=&#8221;900px&#8221; custom_margin=&#8221;|auto|-66px|auto||&#8221; custom_padding=&#8221;0px|||||&#8221; animation_style=&#8221;fade&#8221; global_colors_info=&#8221;{}&#8221;][et_pb_column type=&#8221;4_4&#8243; _builder_version=&#8221;4.25.1&#8243; _module_preset=&#8221;default&#8221; global_colors_info=&#8221;{}&#8221;][et_pb_heading title=&#8221;\u00c0 Propos&#8221; _builder_version=&#8221;4.27.4&#8243; _module_preset=&#8221;d5197c7f-908b-4e10-b530-c636543929a1&#8243; title_text_align=&#8221;center&#8221; title_text_color=&#8221;gcid-secondary-color&#8221; title_font_size=&#8221;15px&#8221; min_height=&#8221;40.4px&#8221; custom_margin=&#8221;-14px||-2px||false|false&#8221; custom_padding=&#8221;0px|||||&#8221; animation_style=&#8221;fade&#8221; global_colors_info=&#8221;{%22gcid-secondary-color%22:%91%22title_text_color%22%93}&#8221;][\/et_pb_heading][et_pb_heading title=&#8221;Le Comptoir Immobilier&#8221; _builder_version=&#8221;4.27.4&#8243; _module_preset=&#8221;6adeb415-41e4-4440-914b-9df89e374042&#8243; title_font=&#8221;Arpona Medium||||||||&#8221; title_text_align=&#8221;center&#8221; title_text_color=&#8221;#FFFFFF&#8221; title_font_size=&#8221;40px&#8221; custom_padding=&#8221;||73px|||&#8221; global_colors_info=&#8221;{}&#8221;][\/et_pb_heading][\/et_pb_column][\/et_pb_row][et_pb_row column_structure=&#8221;1_2,1_2&#8243; _builder_version=&#8221;4.27.4&#8243; _module_preset=&#8221;default&#8221; global_colors_info=&#8221;{}&#8221;][et_pb_column type=&#8221;1_2&#8243; _builder_version=&#8221;4.27.4&#8243; _module_preset=&#8221;default&#8221; global_colors_info=&#8221;{}&#8221;][et_pb_heading title=&#8221;Notre m\u00e9tier&#8221; _builder_version=&#8221;4.27.4&#8243; _module_preset=&#8221;bfae2ab2-73e8-42d0-a517-4069eee60f7a&#8221; title_text_align=&#8221;left&#8221; title_text_color=&#8221;gcid-secondary-color&#8221; global_colors_info=&#8221;{%22gcid-secondary-color%22:%91%22title_text_color%22%93}&#8221;][\/et_pb_heading][et_pb_heading title=&#8221;Un accompagnement structur\u00e9&#8221; _builder_version=&#8221;4.27.4&#8243; _module_preset=&#8221;6adeb415-41e4-4440-914b-9df89e374042&#8243; title_font=&#8221;Arpona Medium||||||||&#8221; title_text_align=&#8221;left&#8221; title_text_color=&#8221;#FFFFFF&#8221; title_font_size=&#8221;28px&#8221; custom_padding=&#8221;||0px|||&#8221; global_colors_info=&#8221;{}&#8221;][\/et_pb_heading][et_pb_heading title=&#8221;Notre mission : vous accompagner dans vos prescriptions immobili\u00e8res avec une \u00e9quipe commerciale de proximit\u00e9 pour r\u00e9pondre efficacement aux attentes et besoins de vos clients tout en optimisant votre propre portefeuille d\u2019offres.&#8221; _builder_version=&#8221;4.27.4&#8243; _module_preset=&#8221;2161879c-3f1d-4980-8ced-74ce5afdd417&#8243; title_font=&#8221;&#8211;et_global_heading_font||||||||&#8221; title_text_align=&#8221;left&#8221; title_text_color=&#8221;#FFFFFF&#8221; title_font_size=&#8221;19px&#8221; width=&#8221;100%&#8221; global_colors_info=&#8221;{}&#8221;][\/et_pb_heading][et_pb_text _builder_version=&#8221;4.27.4&#8243; _module_preset=&#8221;ae55c6d9-c536-4b81-a227-be88be479a9b&#8221; text_font=&#8221;&#8211;et_global_body_font||||||||&#8221; text_font_size=&#8221;15px&#8221; header_font=&#8221;&#8211;et_global_heading_font||||||||&#8221; header_font_size=&#8221;11px&#8221; custom_padding=&#8221;|23px|30px|||&#8221; global_colors_info=&#8221;{}&#8221;]<\/p>\n<ul>\n<li><span style=\"font-weight: 400;\">Un accompagnement personnalis\u00e9<\/span><\/li>\n<li style=\"font-weight: 400;\" aria-level=\"1\"><span style=\"font-weight: 400;\">Une expertise de march\u00e9 pointue<\/span><\/li>\n<li style=\"font-weight: 400;\" aria-level=\"1\"><span style=\"font-weight: 400;\">Une s\u00e9lection rigoureuse des programmes<\/span><\/li>\n<li style=\"font-weight: 400;\" aria-level=\"1\"><span style=\"font-weight: 400;\">Des solutions d\u2019investissement compl\u00e8tes, \u00e9quilibr\u00e9es et sur-mesure<\/span><\/li>\n<li style=\"font-weight: 400;\" aria-level=\"1\"><span style=\"font-weight: 400;\">Une valorisation des\u00a0 op\u00e9rations immobili\u00e8res et locatives<\/span><\/li>\n<\/ul>\n<p>[\/et_pb_text][\/et_pb_column][et_pb_column type=&#8221;1_2&#8243; _builder_version=&#8221;4.27.4&#8243; _module_preset=&#8221;default&#8221; global_colors_info=&#8221;{}&#8221;][et_pb_image src=&#8221;https:\/\/www.lecomptoirimmobilier.fr\/accueil\/wp-content\/uploads\/equipe-lci.png&#8221; title_text=&#8221;equipe_LCI&#8221; _builder_version=&#8221;4.27.4&#8243; _module_preset=&#8221;default&#8221; animation_style=&#8221;fade&#8221; border_radii=&#8221;on|30px|30px|30px|30px&#8221; global_colors_info=&#8221;{}&#8221;][\/et_pb_image][\/et_pb_column][\/et_pb_row][et_pb_row _builder_version=&#8221;4.27.4&#8243; _module_preset=&#8221;default&#8221; global_colors_info=&#8221;{}&#8221;][et_pb_column type=&#8221;4_4&#8243; _builder_version=&#8221;4.27.4&#8243; _module_preset=&#8221;default&#8221; global_colors_info=&#8221;{}&#8221;][et_pb_heading title=&#8221;Notre approche&#8221; _builder_version=&#8221;4.27.4&#8243; _module_preset=&#8221;bfae2ab2-73e8-42d0-a517-4069eee60f7a&#8221; title_text_align=&#8221;left&#8221; title_text_color=&#8221;gcid-secondary-color&#8221; global_colors_info=&#8221;{%22gcid-secondary-color%22:%91%22title_text_color%22%93}&#8221;][\/et_pb_heading][et_pb_heading title=&#8221;Un parcours d\u00e9di\u00e9 \u00e0 forte valeur ajout\u00e9e&#8221; _builder_version=&#8221;4.27.4&#8243; _module_preset=&#8221;6adeb415-41e4-4440-914b-9df89e374042&#8243; title_font=&#8221;Arpona Medium||||||||&#8221; title_text_align=&#8221;left&#8221; title_text_color=&#8221;#FFFFFF&#8221; title_font_size=&#8221;28px&#8221; custom_padding=&#8221;||0px|||&#8221; global_colors_info=&#8221;{}&#8221;][\/et_pb_heading][\/et_pb_column][\/et_pb_row][et_pb_row _builder_version=&#8221;4.27.4&#8243; _module_preset=&#8221;default&#8221; max_width=&#8221;900px&#8221; custom_margin=&#8221;|auto|-66px|auto||&#8221; custom_padding=&#8221;0px|||||&#8221; animation_style=&#8221;fade&#8221; global_colors_info=&#8221;{}&#8221;][et_pb_column type=&#8221;4_4&#8243; _builder_version=&#8221;4.25.1&#8243; _module_preset=&#8221;default&#8221; global_colors_info=&#8221;{}&#8221;][et_pb_image src=&#8221;https:\/\/www.lecomptoirimmobilier.fr\/accueil\/wp-content\/uploads\/schema-sport-v2-03-2.svg&#8221; title_text=&#8221;sch\u00e9ma sport v2-03&#8243; align=&#8221;center&#8221; _builder_version=&#8221;4.27.4&#8243; _module_preset=&#8221;default&#8221; width=&#8221;60%&#8221; global_colors_info=&#8221;{}&#8221;][\/et_pb_image][\/et_pb_column][\/et_pb_row][\/et_pb_section][et_pb_section fb_built=&#8221;1&#8243; admin_label=&#8221;Programs&#8221; _builder_version=&#8221;4.25.1&#8243; _module_preset=&#8221;919a7dae-8125-432d-81ea-3da981c4e724&#8243; custom_margin=&#8221;1px|||||&#8221; custom_padding=&#8221;||0px|||&#8221; collapsed=&#8221;on&#8221; global_colors_info=&#8221;{}&#8221;][et_pb_row column_structure=&#8221;1_2,1_2&#8243; disabled_on=&#8221;on|on|on&#8221; _builder_version=&#8221;4.27.4&#8243; _module_preset=&#8221;default&#8221; disabled=&#8221;on&#8221; global_colors_info=&#8221;{}&#8221;][et_pb_column type=&#8221;1_2&#8243; _builder_version=&#8221;4.25.1&#8243; _module_preset=&#8221;default&#8221; global_colors_info=&#8221;{}&#8221;][et_pb_heading title=&#8221;Faites confiance \u00e0 nos experts certifi\u00e9s pour un accompagnement personnalis\u00e9&#8221; _builder_version=&#8221;4.27.4&#8243; _module_preset=&#8221;4baa1998-5982-4c23-85a0-dc83cd194c30&#8243; title_font=&#8221;Arpona Medium||||||||&#8221; title_font_size=&#8221;28px&#8221; global_colors_info=&#8221;{}&#8221;][\/et_pb_heading][et_pb_heading title=&#8221;Cliquez sur la carte afin de consulter les contacts de votre d\u00e9partement&#8221; _builder_version=&#8221;4.27.4&#8243; _module_preset=&#8221;4baa1998-5982-4c23-85a0-dc83cd194c30&#8243; title_font=&#8221;&#8211;et_global_heading_font||on||||||&#8221; title_font_size=&#8221;14px&#8221; custom_margin=&#8221;||2px|||&#8221; global_colors_info=&#8221;{}&#8221;][\/et_pb_heading][et_pb_heading title=&#8221;Vos contacts en r\u00e9gion Bretagne :&#8221; _builder_version=&#8221;4.27.4&#8243; _module_preset=&#8221;4baa1998-5982-4c23-85a0-dc83cd194c30&#8243; title_font=&#8221;&#8211;et_global_heading_font||||||||&#8221; title_font_size=&#8221;18px&#8221; global_colors_info=&#8221;{}&#8221;][\/et_pb_heading][\/et_pb_column][et_pb_column type=&#8221;1_2&#8243; _builder_version=&#8221;4.25.1&#8243; _module_preset=&#8221;default&#8221; global_colors_info=&#8221;{}&#8221;][et_pb_image src=&#8221;https:\/\/www.lecomptoirimmobilier.fr\/accueil\/wp-content\/uploads\/carte-lrp-01.svg&#8221; title_text=&#8221;carte_LRP-01&#8243; _builder_version=&#8221;4.27.4&#8243; _module_preset=&#8221;default&#8221; global_colors_info=&#8221;{}&#8221;][\/et_pb_image][\/et_pb_column][\/et_pb_row][et_pb_row _builder_version=&#8221;4.27.4&#8243; _module_preset=&#8221;default&#8221; width=&#8221;100%&#8221; max_width=&#8221;2560px&#8221; module_alignment=&#8221;center&#8221; custom_margin=&#8221;0px|0px|0px|0px|false|false&#8221; custom_padding=&#8221;0px|0px|0px|0px|false|false&#8221; global_colors_info=&#8221;{}&#8221; theme_builder_area=&#8221;post_content&#8221;][et_pb_column type=&#8221;4_4&#8243; _builder_version=&#8221;4.27.4&#8243; _module_preset=&#8221;default&#8221; global_colors_info=&#8221;{}&#8221; theme_builder_area=&#8221;post_content&#8221;][et_pb_code _builder_version=&#8221;4.27.4&#8243; _module_preset=&#8221;default&#8221; global_colors_info=&#8221;{}&#8221; theme_builder_area=&#8221;post_content&#8221;]<iframe<!-- [et_pb_line_break_holder] -->  id=&#8221;inlineFrameExample&#8221;<!-- [et_pb_line_break_holder] -->  title=&#8221;Inline Frame Example&#8221; <!-- [et_pb_line_break_holder] -->       style=&#8221;width:100%;min-height:750px;&#8221; src=&#8221;https:\/\/www.lecomptoirimmobilier.fr\/accueil\/carte-collaborateurs\/&#8221;><!-- [et_pb_line_break_holder] --><\/iframe>[\/et_pb_code][\/et_pb_column][\/et_pb_row][\/et_pb_section]<\/p>\n","protected":false},"excerpt":{"rendered":"<p>[et_pb_section fb_built=&#8221;1&#8243; admin_label=&#8221;Our Mission&#8221; _builder_version=&#8221;4.27.4&#8243; _module_preset=&#8221;a51a78be-0e57-41ad-b0ab-39a9e1f501df&#8221; background_color=&#8221;gcid-primary-color&#8221; use_background_color_gradient=&#8221;on&#8221; background_color_gradient_direction=&#8221;208deg&#8221; background_color_gradient_stops=&#8221;gcid-2352d280-fe84-43b1-a71e-f400c35a526a 36%|gcid-primary-color 74%|#005d8c 98%&#8221; background_image=&#8221;https:\/\/www.lecomptoirimmobilier.fr\/accueil\/wp-content\/uploads\/test-titre-site-lci-03-2.svg&#8221; min_height=&#8221;648.5px&#8221; custom_margin=&#8221;130px||||false|false&#8221; custom_padding=&#8221;6vw||6vw||true|false&#8221; collapsed=&#8221;on&#8221; global_colors_info=&#8221;{%22gcid-2352d280-fe84-43b1-a71e-f400c35a526a%22:%91%22background_color%22,%22background_color%22,%22background_color%22%93,%22gcid-primary-color%22:%91%22background_color%22%93,%22gcid-7a0d30c1-9b97-47f7-a1b0-b362ece3e0b5%22:%91%22background_color_gradient_stops%22%93,%22gcid-heading-color%22:%91%22background_color_gradient_stops%22%93}&#8221;][et_pb_row _builder_version=&#8221;4.27.4&#8243; _module_preset=&#8221;default&#8221; max_width=&#8221;900px&#8221; custom_margin=&#8221;|auto|-66px|auto||&#8221; custom_padding=&#8221;0px|||||&#8221; animation_style=&#8221;fade&#8221; global_colors_info=&#8221;{}&#8221;][et_pb_column type=&#8221;4_4&#8243; _builder_version=&#8221;4.25.1&#8243; _module_preset=&#8221;default&#8221; global_colors_info=&#8221;{}&#8221;][et_pb_heading title=&#8221;\u00c0 Propos&#8221; _builder_version=&#8221;4.27.4&#8243; _module_preset=&#8221;d5197c7f-908b-4e10-b530-c636543929a1&#8243; title_text_align=&#8221;center&#8221; title_text_color=&#8221;gcid-secondary-color&#8221; title_font_size=&#8221;15px&#8221; min_height=&#8221;40.4px&#8221; custom_margin=&#8221;-14px||-2px||false|false&#8221; custom_padding=&#8221;0px|||||&#8221; animation_style=&#8221;fade&#8221; global_colors_info=&#8221;{%22gcid-secondary-color%22:%91%22title_text_color%22%93}&#8221;][\/et_pb_heading][et_pb_heading title=&#8221;Le Comptoir Immobilier&#8221; _builder_version=&#8221;4.27.4&#8243; _module_preset=&#8221;6adeb415-41e4-4440-914b-9df89e374042&#8243; title_font=&#8221;Arpona Medium||||||||&#8221; title_text_align=&#8221;center&#8221; title_text_color=&#8221;#FFFFFF&#8221; title_font_size=&#8221;40px&#8221; custom_padding=&#8221;||73px|||&#8221; global_colors_info=&#8221;{}&#8221;][\/et_pb_heading][\/et_pb_column][\/et_pb_row][et_pb_row column_structure=&#8221;1_2,1_2&#8243; [&hellip;]<\/p>\n","protected":false},"author":1,"featured_media":0,"parent":0,"menu_order":0,"comment_status":"closed","ping_status":"closed","template":"","meta":{"_acf_changed":false,"footnotes":""},"class_list":["post-11270","page","type-page","status-publish","hentry"],"acf":[],"yoast_head":"<!-- This site is optimized with the Yoast SEO plugin v24.2 - https:\/\/yoast.com\/wordpress\/plugins\/seo\/ -->\n<title>\u00c0 propos - Le Comptoir Immobilier<\/title>\n<meta name=\"description\" content=\"Un accompagnement personnalis\u00e9 Une expertise de march\u00e9 pointue Une s\u00e9lection rigoureuse des programmes Des solutions d\u2019investissement compl\u00e8tes,\" \/>\n<meta name=\"robots\" content=\"index, follow, max-snippet:-1, max-image-preview:large, max-video-preview:-1\" \/>\n<link rel=\"canonical\" href=\"https:\/\/www.lecomptoirimmobilier.fr\/accueil\/a-propos\/\" \/>\n<meta property=\"og:locale\" content=\"fr_FR\" \/>\n<meta property=\"og:type\" content=\"article\" \/>\n<meta property=\"og:title\" content=\"\u00c0 propos - Le Comptoir Immobilier\" \/>\n<meta property=\"og:description\" content=\"Un accompagnement personnalis\u00e9 Une expertise de march\u00e9 pointue Une s\u00e9lection rigoureuse des programmes Des solutions d\u2019investissement compl\u00e8tes,\" \/>\n<meta property=\"og:url\" content=\"https:\/\/www.lecomptoirimmobilier.fr\/accueil\/a-propos\/\" \/>\n<meta property=\"og:site_name\" content=\"Le Comptoir Immobilier\" \/>\n<meta property=\"article:modified_time\" content=\"2025-07-08T13:50:18+00:00\" \/>\n<meta name=\"twitter:card\" content=\"summary_large_image\" \/>\n<script type=\"application\/ld+json\" class=\"yoast-schema-graph\">{\"@context\":\"https:\/\/schema.org\",\"@graph\":[{\"@type\":\"WebPage\",\"@id\":\"https:\/\/www.lecomptoirimmobilier.fr\/accueil\/a-propos\/\",\"url\":\"https:\/\/www.lecomptoirimmobilier.fr\/accueil\/a-propos\/\",\"name\":\"\u00c0 propos - Le Comptoir Immobilier\",\"isPartOf\":{\"@id\":\"https:\/\/www.lecomptoirimmobilier.fr\/accueil\/#website\"},\"datePublished\":\"2025-05-21T08:10:36+00:00\",\"dateModified\":\"2025-07-08T13:50:18+00:00\",\"description\":\"Un accompagnement personnalis\u00e9 Une expertise de march\u00e9 pointue Une s\u00e9lection rigoureuse des programmes Des solutions d\u2019investissement compl\u00e8tes,\",\"breadcrumb\":{\"@id\":\"https:\/\/www.lecomptoirimmobilier.fr\/accueil\/a-propos\/#breadcrumb\"},\"inLanguage\":\"fr-FR\",\"potentialAction\":[{\"@type\":\"ReadAction\",\"target\":[\"https:\/\/www.lecomptoirimmobilier.fr\/accueil\/a-propos\/\"]}]},{\"@type\":\"BreadcrumbList\",\"@id\":\"https:\/\/www.lecomptoirimmobilier.fr\/accueil\/a-propos\/#breadcrumb\",\"itemListElement\":[{\"@type\":\"ListItem\",\"position\":1,\"name\":\"Accueil\",\"item\":\"https:\/\/www.lecomptoirimmobilier.fr\/accueil\/\"},{\"@type\":\"ListItem\",\"position\":2,\"name\":\"\u00c0 propos\"}]},{\"@type\":\"WebSite\",\"@id\":\"https:\/\/www.lecomptoirimmobilier.fr\/accueil\/#website\",\"url\":\"https:\/\/www.lecomptoirimmobilier.fr\/accueil\/\",\"name\":\"Le Comptoir Immobilier\",\"description\":\"\",\"publisher\":{\"@id\":\"https:\/\/www.lecomptoirimmobilier.fr\/accueil\/#organization\"},\"potentialAction\":[{\"@type\":\"SearchAction\",\"target\":{\"@type\":\"EntryPoint\",\"urlTemplate\":\"https:\/\/www.lecomptoirimmobilier.fr\/accueil\/?s={search_term_string}\"},\"query-input\":{\"@type\":\"PropertyValueSpecification\",\"valueRequired\":true,\"valueName\":\"search_term_string\"}}],\"inLanguage\":\"fr-FR\"},{\"@type\":\"Organization\",\"@id\":\"https:\/\/www.lecomptoirimmobilier.fr\/accueil\/#organization\",\"name\":\"Le Comptoir Immobilier\",\"url\":\"https:\/\/www.lecomptoirimmobilier.fr\/accueil\/\",\"logo\":{\"@type\":\"ImageObject\",\"inLanguage\":\"fr-FR\",\"@id\":\"https:\/\/www.lecomptoirimmobilier.fr\/accueil\/#\/schema\/logo\/image\/\",\"url\":\"https:\/\/www.lecomptoirimmobilier.fr\/accueil\/wp-content\/uploads\/logo-lci-web.svg\",\"contentUrl\":\"https:\/\/www.lecomptoirimmobilier.fr\/accueil\/wp-content\/uploads\/logo-lci-web.svg\",\"caption\":\"Le Comptoir Immobilier\"},\"image\":{\"@id\":\"https:\/\/www.lecomptoirimmobilier.fr\/accueil\/#\/schema\/logo\/image\/\"}}]}<\/script>\n<!-- \/ Yoast SEO plugin. -->","yoast_head_json":{"title":"\u00c0 propos - Le Comptoir Immobilier","description":"Un accompagnement personnalis\u00e9 Une expertise de march\u00e9 pointue Une s\u00e9lection rigoureuse des programmes Des solutions d\u2019investissement compl\u00e8tes,","robots":{"index":"index","follow":"follow","max-snippet":"max-snippet:-1","max-image-preview":"max-image-preview:large","max-video-preview":"max-video-preview:-1"},"canonical":"https:\/\/www.lecomptoirimmobilier.fr\/accueil\/a-propos\/","og_locale":"fr_FR","og_type":"article","og_title":"\u00c0 propos - Le Comptoir Immobilier","og_description":"Un accompagnement personnalis\u00e9 Une expertise de march\u00e9 pointue Une s\u00e9lection rigoureuse des programmes Des solutions d\u2019investissement compl\u00e8tes,","og_url":"https:\/\/www.lecomptoirimmobilier.fr\/accueil\/a-propos\/","og_site_name":"Le Comptoir Immobilier","article_modified_time":"2025-07-08T13:50:18+00:00","twitter_card":"summary_large_image","schema":{"@context":"https:\/\/schema.org","@graph":[{"@type":"WebPage","@id":"https:\/\/www.lecomptoirimmobilier.fr\/accueil\/a-propos\/","url":"https:\/\/www.lecomptoirimmobilier.fr\/accueil\/a-propos\/","name":"\u00c0 propos - Le Comptoir Immobilier","isPartOf":{"@id":"https:\/\/www.lecomptoirimmobilier.fr\/accueil\/#website"},"datePublished":"2025-05-21T08:10:36+00:00","dateModified":"2025-07-08T13:50:18+00:00","description":"Un accompagnement personnalis\u00e9 Une expertise de march\u00e9 pointue Une s\u00e9lection rigoureuse des programmes Des solutions d\u2019investissement compl\u00e8tes,","breadcrumb":{"@id":"https:\/\/www.lecomptoirimmobilier.fr\/accueil\/a-propos\/#breadcrumb"},"inLanguage":"fr-FR","potentialAction":[{"@type":"ReadAction","target":["https:\/\/www.lecomptoirimmobilier.fr\/accueil\/a-propos\/"]}]},{"@type":"BreadcrumbList","@id":"https:\/\/www.lecomptoirimmobilier.fr\/accueil\/a-propos\/#breadcrumb","itemListElement":[{"@type":"ListItem","position":1,"name":"Accueil","item":"https:\/\/www.lecomptoirimmobilier.fr\/accueil\/"},{"@type":"ListItem","position":2,"name":"\u00c0 propos"}]},{"@type":"WebSite","@id":"https:\/\/www.lecomptoirimmobilier.fr\/accueil\/#website","url":"https:\/\/www.lecomptoirimmobilier.fr\/accueil\/","name":"Le Comptoir Immobilier","description":"","publisher":{"@id":"https:\/\/www.lecomptoirimmobilier.fr\/accueil\/#organization"},"potentialAction":[{"@type":"SearchAction","target":{"@type":"EntryPoint","urlTemplate":"https:\/\/www.lecomptoirimmobilier.fr\/accueil\/?s={search_term_string}"},"query-input":{"@type":"PropertyValueSpecification","valueRequired":true,"valueName":"search_term_string"}}],"inLanguage":"fr-FR"},{"@type":"Organization","@id":"https:\/\/www.lecomptoirimmobilier.fr\/accueil\/#organization","name":"Le Comptoir Immobilier","url":"https:\/\/www.lecomptoirimmobilier.fr\/accueil\/","logo":{"@type":"ImageObject","inLanguage":"fr-FR","@id":"https:\/\/www.lecomptoirimmobilier.fr\/accueil\/#\/schema\/logo\/image\/","url":"https:\/\/www.lecomptoirimmobilier.fr\/accueil\/wp-content\/uploads\/logo-lci-web.svg","contentUrl":"https:\/\/www.lecomptoirimmobilier.fr\/accueil\/wp-content\/uploads\/logo-lci-web.svg","caption":"Le Comptoir Immobilier"},"image":{"@id":"https:\/\/www.lecomptoirimmobilier.fr\/accueil\/#\/schema\/logo\/image\/"}}]}},"mfb_rest_fields":["yoast_head","yoast_head_json"],"_links":{"self":[{"href":"https:\/\/www.lecomptoirimmobilier.fr\/accueil\/wp-json\/wp\/v2\/pages\/11270","targetHints":{"allow":["GET"]}}],"collection":[{"href":"https:\/\/www.lecomptoirimmobilier.fr\/accueil\/wp-json\/wp\/v2\/pages"}],"about":[{"href":"https:\/\/www.lecomptoirimmobilier.fr\/accueil\/wp-json\/wp\/v2\/types\/page"}],"author":[{"embeddable":true,"href":"https:\/\/www.lecomptoirimmobilier.fr\/accueil\/wp-json\/wp\/v2\/users\/1"}],"replies":[{"embeddable":true,"href":"https:\/\/www.lecomptoirimmobilier.fr\/accueil\/wp-json\/wp\/v2\/comments?post=11270"}],"version-history":[{"count":26,"href":"https:\/\/www.lecomptoirimmobilier.fr\/accueil\/wp-json\/wp\/v2\/pages\/11270\/revisions"}],"predecessor-version":[{"id":12538,"href":"https:\/\/www.lecomptoirimmobilier.fr\/accueil\/wp-json\/wp\/v2\/pages\/11270\/revisions\/12538"}],"wp:attachment":[{"href":"https:\/\/www.lecomptoirimmobilier.fr\/accueil\/wp-json\/wp\/v2\/media?parent=11270"}],"curies":[{"name":"wp","href":"https:\/\/api.w.org\/{rel}","templated":true}]}}