{"id":12324,"date":"2025-07-02T14:07:06","date_gmt":"2025-07-02T12:07:06","guid":{"rendered":"https:\/\/www.lecomptoirimmobilier.fr\/accueil\/?page_id=12324"},"modified":"2025-07-02T14:11:00","modified_gmt":"2025-07-02T12:11:00","slug":"reclamation","status":"publish","type":"page","link":"https:\/\/www.lecomptoirimmobilier.fr\/accueil\/reclamation\/","title":{"rendered":"Reclamation"},"content":{"rendered":"[et_pb_section fb_built=&#8221;1&#8243; admin_label=&#8221;section&#8221; _builder_version=&#8221;4.27.4&#8243; hover_enabled=&#8221;0&#8243; global_colors_info=&#8221;{}&#8221; custom_margin=&#8221;130px||||false|false&#8221; sticky_enabled=&#8221;0&#8243;][et_pb_row admin_label=&#8221;row&#8221; _builder_version=&#8221;4.16&#8243; background_size=&#8221;initial&#8221; background_position=&#8221;top_left&#8221; background_repeat=&#8221;repeat&#8221; global_colors_info=&#8221;{}&#8221; min_height=&#8221;839.5px&#8221;][et_pb_column type=&#8221;4_4&#8243; _builder_version=&#8221;4.16&#8243; custom_padding=&#8221;|||&#8221; global_colors_info=&#8221;{}&#8221; custom_padding__hover=&#8221;|||&#8221;][et_pb_text admin_label=&#8221;Text&#8221; _builder_version=&#8221;4.27.4&#8243; background_size=&#8221;initial&#8221; background_position=&#8221;top_left&#8221; background_repeat=&#8221;repeat&#8221; hover_enabled=&#8221;0&#8243; global_colors_info=&#8221;{%22gcid-secondary-color%22:%91%22header_text_color%22%93}&#8221; sticky_enabled=&#8221;0&#8243; header_text_color=&#8221;gcid-secondary-color&#8221; header_font_size=&#8221;67px&#8221;]<h1>R\u00e9clamation<\/h1>[\/et_pb_text][et_pb_text admin_label=&#8221;Text&#8221; _builder_version=&#8221;4.27.4&#8243; background_size=&#8221;initial&#8221; background_position=&#8221;top_left&#8221; background_repeat=&#8221;repeat&#8221; hover_enabled=&#8221;0&#8243; global_colors_info=&#8221;{}&#8221; sticky_enabled=&#8221;0&#8243;]<div class=\"wp-block-group has-secondary-10-background-color has-background\">\n<p><strong style=\"font-size: 14px;\">Qu\u2019entend-on par r\u00e9clamation ?<\/strong><\/p>\n<p><!-- \/wp:group --><\/p>\n<\/div>\n<p><!-- wp:paragraph {\"align\":\"center\",\"fontSize\":\"medium\"} --><\/p>\n<p><!-- \/wp:paragraph --><\/p>\n<div class=\"col-lg-8 col-md-8 col-sm-8 bloc-content\">\n<div class=\"bloc-c-content\">\n<p>Sachez que, constitue une r\u00e9clamation, toute d\u00e9claration actant du m\u00e9contentement d\u2019un client envers un professionnel : d\u00e8s lors, une demande de service ou de prestation, une demande d\u2019information, de clarification ou une demande d\u2019avis n\u2019est pas une r\u00e9clamation.<\/p>\n<p>Afin de pouvoir traiter votre demande dans les meilleures conditions, nous vous remercions de suivre les \u00e9tapes d\u00e9crites ci-apr\u00e8s.<\/p>\n<p>A compter de la r\u00e9ception de votre r\u00e9clamation, nous nous engageons :<\/p>\n<p>\u2013 A accuser r\u00e9ception de votre r\u00e9clamation sous 10 jours, sauf si la r\u00e9ponse vous est apport\u00e9e dans ce d\u00e9lai\u00a0;<\/p>\n<p>\u2013 A vous apporter une r\u00e9ponse sous un d\u00e9lai maximum de 2 mois, hors survenance de circonstances particuli\u00e8res dont vous serez tenu inform\u00e9.<\/p>\n<p><strong>Votre interlocuteur au Groupe IZIMMO<\/strong><\/p>\n<p>Votre interlocuteur est le service suivi des acquisitions. Vous pouvez lui faire part de votre r\u00e9clamation soit :<\/p>\n<p>\u2013 Par courrier \u00e0 l\u2019adresse suivante : IZIMMO \u2013 Service suivi des acquisitions \u2013 3 rue Edouard Belin 29200 BREST,<\/p>\n<p>\u2013 Par t\u00e9l\u00e9phone au 02 98 44 03 03<\/p>\n<p>\u2013 Par mail :<span>\u00a0<\/span><a href=\"mailto:suividesacquisitions@izimmo.com\">suividesacquisitions@izimmo.com<\/a><\/p>\n<p>Si toutes les voies de recours dont vous disposez ont \u00e9t\u00e9 utilis\u00e9es, et si la r\u00e9ponse apport\u00e9e ne vous satisfait pas, vous pouvez solliciter le m\u00e9diateur <span>ANM CONSOMMATION<\/span>.<\/p>\n<p>Apr\u00e8s \u00e9tude de votre dossier, <span>ANM CONSOMMATION<\/span> rendra un avis en vue du r\u00e8glement amiable de votre litige.<br \/>Vous pouvez contacter <span>ANM CONSOMMATION<\/span> \u00e0 l\u2019adresse postale suivante:<br \/><span>ANM CONSOMMATION<\/span><br \/>02 Rue de Colmar, 94300 Vincennes, France<br \/>Site internet du m\u00e9diateur :\u00a0<a href=\"https:\/\/www.anm-conso.com\/site\/index.php\" target=\"_blank\" rel=\"noopener\">https:\/\/www.anm-conso.com\/site\/index.php<\/a><\/p>\n<p>Dans le cadre des activit\u00e9s de conseil en investissements financiers, si toutes les voies de recours dont vous disposez ont \u00e9t\u00e9 utilis\u00e9es, et si la r\u00e9ponse apport\u00e9e ne vous satisfait pas, vous pouvez solliciter le m\u00e9diateur de L\u2019Autorit\u00e9 des march\u00e9s financiers (AMF) :<br \/>Par courrier :\u00a0 Le M\u00e9diateur \u2013 Autorit\u00e9 des march\u00e9s financiers \u2013 17, place de la Bourse \u2013 75082 PARIS CEDEX 02 ou par le site internet : https:\/\/www.amf-france.org\/fr\/le-mediateur<\/p>\n<\/div>\n<\/div>\n<p><!-- \/wp:paragraph --><\/p>\n<p><!-- wp:paragraph {\"style\":{\"spacing\":{\"padding\":{\"right\":\"var:preset|spacing|plus-3\",\"left\":\"var:preset|spacing|plus-3\"}}}} --><\/p>\n<p><!-- \/wp:paragraph --><\/p>[\/et_pb_text][\/et_pb_column][\/et_pb_row][\/et_pb_section]","protected":false},"excerpt":{"rendered":"<p>[et_pb_section fb_built=&#8221;1&#8243; admin_label=&#8221;section&#8221; _builder_version=&#8221;4.27.4&#8243; hover_enabled=&#8221;0&#8243; global_colors_info=&#8221;{}&#8221; custom_margin=&#8221;130px||||false|false&#8221; sticky_enabled=&#8221;0&#8243;][et_pb_row admin_label=&#8221;row&#8221; _builder_version=&#8221;4.16&#8243; background_size=&#8221;initial&#8221; background_position=&#8221;top_left&#8221; background_repeat=&#8221;repeat&#8221; global_colors_info=&#8221;{}&#8221; min_height=&#8221;839.5px&#8221;][et_pb_column type=&#8221;4_4&#8243; _builder_version=&#8221;4.16&#8243; custom_padding=&#8221;|||&#8221; global_colors_info=&#8221;{}&#8221; custom_padding__hover=&#8221;|||&#8221;][et_pb_text admin_label=&#8221;Text&#8221; _builder_version=&#8221;4.27.4&#8243; background_size=&#8221;initial&#8221; background_position=&#8221;top_left&#8221; background_repeat=&#8221;repeat&#8221; hover_enabled=&#8221;0&#8243; global_colors_info=&#8221;{%22gcid-secondary-color%22:%91%22header_text_color%22%93}&#8221; sticky_enabled=&#8221;0&#8243; header_text_color=&#8221;gcid-secondary-color&#8221; header_font_size=&#8221;67px&#8221;] R\u00e9clamation [\/et_pb_text][et_pb_text admin_label=&#8221;Text&#8221; _builder_version=&#8221;4.27.4&#8243; background_size=&#8221;initial&#8221; background_position=&#8221;top_left&#8221; background_repeat=&#8221;repeat&#8221; hover_enabled=&#8221;0&#8243; global_colors_info=&#8221;{}&#8221; sticky_enabled=&#8221;0&#8243;] Qu\u2019entend-on par r\u00e9clamation ? Sachez que, constitue une r\u00e9clamation, toute d\u00e9claration actant du m\u00e9contentement d\u2019un [&hellip;]<\/p>\n","protected":false},"author":1,"featured_media":0,"parent":0,"menu_order":0,"comment_status":"closed","ping_status":"closed","template":"","meta":{"_acf_changed":false,"footnotes":""},"class_list":["post-12324","page","type-page","status-publish","hentry"],"acf":[],"yoast_head":"<!-- This site is optimized with the Yoast SEO plugin v24.2 - https:\/\/yoast.com\/wordpress\/plugins\/seo\/ -->\n<title>Reclamation - Le Comptoir Immobilier<\/title>\n<meta name=\"description\" content=\"R\u00e9clamation Qu\u2019entend-on par r\u00e9clamation ? Sachez que, constitue une r\u00e9clamation, toute d\u00e9claration actant du m\u00e9contentement d\u2019un client envers un\" \/>\n<meta name=\"robots\" content=\"index, follow, max-snippet:-1, max-image-preview:large, max-video-preview:-1\" \/>\n<link rel=\"canonical\" href=\"https:\/\/www.lecomptoirimmobilier.fr\/accueil\/reclamation\/\" \/>\n<meta property=\"og:locale\" content=\"fr_FR\" \/>\n<meta property=\"og:type\" content=\"article\" \/>\n<meta property=\"og:title\" content=\"Reclamation - Le Comptoir Immobilier\" \/>\n<meta property=\"og:description\" content=\"R\u00e9clamation Qu\u2019entend-on par r\u00e9clamation ? Sachez que, constitue une r\u00e9clamation, toute d\u00e9claration actant du m\u00e9contentement d\u2019un client envers un\" \/>\n<meta property=\"og:url\" content=\"https:\/\/www.lecomptoirimmobilier.fr\/accueil\/reclamation\/\" \/>\n<meta property=\"og:site_name\" content=\"Le Comptoir Immobilier\" \/>\n<meta property=\"article:modified_time\" content=\"2025-07-02T12:11:00+00:00\" \/>\n<meta name=\"twitter:card\" content=\"summary_large_image\" \/>\n<meta name=\"twitter:label1\" content=\"Dur\u00e9e de lecture estim\u00e9e\" \/>\n\t<meta name=\"twitter:data1\" content=\"10 minutes\" \/>\n<script type=\"application\/ld+json\" class=\"yoast-schema-graph\">{\"@context\":\"https:\/\/schema.org\",\"@graph\":[{\"@type\":\"WebPage\",\"@id\":\"https:\/\/www.lecomptoirimmobilier.fr\/accueil\/reclamation\/\",\"url\":\"https:\/\/www.lecomptoirimmobilier.fr\/accueil\/reclamation\/\",\"name\":\"Reclamation - Le Comptoir Immobilier\",\"isPartOf\":{\"@id\":\"https:\/\/www.lecomptoirimmobilier.fr\/accueil\/#website\"},\"datePublished\":\"2025-07-02T12:07:06+00:00\",\"dateModified\":\"2025-07-02T12:11:00+00:00\",\"description\":\"R\u00e9clamation Qu\u2019entend-on par r\u00e9clamation ? Sachez que, constitue une r\u00e9clamation, toute d\u00e9claration actant du m\u00e9contentement d\u2019un client envers un\",\"breadcrumb\":{\"@id\":\"https:\/\/www.lecomptoirimmobilier.fr\/accueil\/reclamation\/#breadcrumb\"},\"inLanguage\":\"fr-FR\",\"potentialAction\":[{\"@type\":\"ReadAction\",\"target\":[\"https:\/\/www.lecomptoirimmobilier.fr\/accueil\/reclamation\/\"]}]},{\"@type\":\"BreadcrumbList\",\"@id\":\"https:\/\/www.lecomptoirimmobilier.fr\/accueil\/reclamation\/#breadcrumb\",\"itemListElement\":[{\"@type\":\"ListItem\",\"position\":1,\"name\":\"Accueil\",\"item\":\"https:\/\/www.lecomptoirimmobilier.fr\/accueil\/\"},{\"@type\":\"ListItem\",\"position\":2,\"name\":\"Reclamation\"}]},{\"@type\":\"WebSite\",\"@id\":\"https:\/\/www.lecomptoirimmobilier.fr\/accueil\/#website\",\"url\":\"https:\/\/www.lecomptoirimmobilier.fr\/accueil\/\",\"name\":\"Le Comptoir Immobilier\",\"description\":\"\",\"publisher\":{\"@id\":\"https:\/\/www.lecomptoirimmobilier.fr\/accueil\/#organization\"},\"potentialAction\":[{\"@type\":\"SearchAction\",\"target\":{\"@type\":\"EntryPoint\",\"urlTemplate\":\"https:\/\/www.lecomptoirimmobilier.fr\/accueil\/?s={search_term_string}\"},\"query-input\":{\"@type\":\"PropertyValueSpecification\",\"valueRequired\":true,\"valueName\":\"search_term_string\"}}],\"inLanguage\":\"fr-FR\"},{\"@type\":\"Organization\",\"@id\":\"https:\/\/www.lecomptoirimmobilier.fr\/accueil\/#organization\",\"name\":\"Le Comptoir Immobilier\",\"url\":\"https:\/\/www.lecomptoirimmobilier.fr\/accueil\/\",\"logo\":{\"@type\":\"ImageObject\",\"inLanguage\":\"fr-FR\",\"@id\":\"https:\/\/www.lecomptoirimmobilier.fr\/accueil\/#\/schema\/logo\/image\/\",\"url\":\"https:\/\/www.lecomptoirimmobilier.fr\/accueil\/wp-content\/uploads\/logo-lci-web.svg\",\"contentUrl\":\"https:\/\/www.lecomptoirimmobilier.fr\/accueil\/wp-content\/uploads\/logo-lci-web.svg\",\"caption\":\"Le Comptoir Immobilier\"},\"image\":{\"@id\":\"https:\/\/www.lecomptoirimmobilier.fr\/accueil\/#\/schema\/logo\/image\/\"}}]}<\/script>\n<!-- \/ Yoast SEO plugin. -->","yoast_head_json":{"title":"Reclamation - Le Comptoir Immobilier","description":"R\u00e9clamation Qu\u2019entend-on par r\u00e9clamation ? Sachez que, constitue une r\u00e9clamation, toute d\u00e9claration actant du m\u00e9contentement d\u2019un client envers un","robots":{"index":"index","follow":"follow","max-snippet":"max-snippet:-1","max-image-preview":"max-image-preview:large","max-video-preview":"max-video-preview:-1"},"canonical":"https:\/\/www.lecomptoirimmobilier.fr\/accueil\/reclamation\/","og_locale":"fr_FR","og_type":"article","og_title":"Reclamation - Le Comptoir Immobilier","og_description":"R\u00e9clamation Qu\u2019entend-on par r\u00e9clamation ? Sachez que, constitue une r\u00e9clamation, toute d\u00e9claration actant du m\u00e9contentement d\u2019un client envers un","og_url":"https:\/\/www.lecomptoirimmobilier.fr\/accueil\/reclamation\/","og_site_name":"Le Comptoir Immobilier","article_modified_time":"2025-07-02T12:11:00+00:00","twitter_card":"summary_large_image","twitter_misc":{"Dur\u00e9e de lecture estim\u00e9e":"10 minutes"},"schema":{"@context":"https:\/\/schema.org","@graph":[{"@type":"WebPage","@id":"https:\/\/www.lecomptoirimmobilier.fr\/accueil\/reclamation\/","url":"https:\/\/www.lecomptoirimmobilier.fr\/accueil\/reclamation\/","name":"Reclamation - Le Comptoir Immobilier","isPartOf":{"@id":"https:\/\/www.lecomptoirimmobilier.fr\/accueil\/#website"},"datePublished":"2025-07-02T12:07:06+00:00","dateModified":"2025-07-02T12:11:00+00:00","description":"R\u00e9clamation Qu\u2019entend-on par r\u00e9clamation ? Sachez que, constitue une r\u00e9clamation, toute d\u00e9claration actant du m\u00e9contentement d\u2019un client envers un","breadcrumb":{"@id":"https:\/\/www.lecomptoirimmobilier.fr\/accueil\/reclamation\/#breadcrumb"},"inLanguage":"fr-FR","potentialAction":[{"@type":"ReadAction","target":["https:\/\/www.lecomptoirimmobilier.fr\/accueil\/reclamation\/"]}]},{"@type":"BreadcrumbList","@id":"https:\/\/www.lecomptoirimmobilier.fr\/accueil\/reclamation\/#breadcrumb","itemListElement":[{"@type":"ListItem","position":1,"name":"Accueil","item":"https:\/\/www.lecomptoirimmobilier.fr\/accueil\/"},{"@type":"ListItem","position":2,"name":"Reclamation"}]},{"@type":"WebSite","@id":"https:\/\/www.lecomptoirimmobilier.fr\/accueil\/#website","url":"https:\/\/www.lecomptoirimmobilier.fr\/accueil\/","name":"Le Comptoir Immobilier","description":"","publisher":{"@id":"https:\/\/www.lecomptoirimmobilier.fr\/accueil\/#organization"},"potentialAction":[{"@type":"SearchAction","target":{"@type":"EntryPoint","urlTemplate":"https:\/\/www.lecomptoirimmobilier.fr\/accueil\/?s={search_term_string}"},"query-input":{"@type":"PropertyValueSpecification","valueRequired":true,"valueName":"search_term_string"}}],"inLanguage":"fr-FR"},{"@type":"Organization","@id":"https:\/\/www.lecomptoirimmobilier.fr\/accueil\/#organization","name":"Le Comptoir Immobilier","url":"https:\/\/www.lecomptoirimmobilier.fr\/accueil\/","logo":{"@type":"ImageObject","inLanguage":"fr-FR","@id":"https:\/\/www.lecomptoirimmobilier.fr\/accueil\/#\/schema\/logo\/image\/","url":"https:\/\/www.lecomptoirimmobilier.fr\/accueil\/wp-content\/uploads\/logo-lci-web.svg","contentUrl":"https:\/\/www.lecomptoirimmobilier.fr\/accueil\/wp-content\/uploads\/logo-lci-web.svg","caption":"Le Comptoir Immobilier"},"image":{"@id":"https:\/\/www.lecomptoirimmobilier.fr\/accueil\/#\/schema\/logo\/image\/"}}]}},"mfb_rest_fields":["yoast_head","yoast_head_json"],"_links":{"self":[{"href":"https:\/\/www.lecomptoirimmobilier.fr\/accueil\/wp-json\/wp\/v2\/pages\/12324","targetHints":{"allow":["GET"]}}],"collection":[{"href":"https:\/\/www.lecomptoirimmobilier.fr\/accueil\/wp-json\/wp\/v2\/pages"}],"about":[{"href":"https:\/\/www.lecomptoirimmobilier.fr\/accueil\/wp-json\/wp\/v2\/types\/page"}],"author":[{"embeddable":true,"href":"https:\/\/www.lecomptoirimmobilier.fr\/accueil\/wp-json\/wp\/v2\/users\/1"}],"replies":[{"embeddable":true,"href":"https:\/\/www.lecomptoirimmobilier.fr\/accueil\/wp-json\/wp\/v2\/comments?post=12324"}],"version-history":[{"count":6,"href":"https:\/\/www.lecomptoirimmobilier.fr\/accueil\/wp-json\/wp\/v2\/pages\/12324\/revisions"}],"predecessor-version":[{"id":12334,"href":"https:\/\/www.lecomptoirimmobilier.fr\/accueil\/wp-json\/wp\/v2\/pages\/12324\/revisions\/12334"}],"wp:attachment":[{"href":"https:\/\/www.lecomptoirimmobilier.fr\/accueil\/wp-json\/wp\/v2\/media?parent=12324"}],"curies":[{"name":"wp","href":"https:\/\/api.w.org\/{rel}","templated":true}]}}